{"id":650,"date":"2008-10-17T10:56:35","date_gmt":"2008-10-17T09:56:35","guid":{"rendered":"http:\/\/www.shark-raph.com\/?page_id=650"},"modified":"2008-10-17T10:59:10","modified_gmt":"2008-10-17T09:59:10","slug":"vrachi","status":"publish","type":"page","link":"https:\/\/www.shark-raph.com\/?page_id=650","title":{"rendered":"\u0412\u0440\u0430\u0447\u0438"},"content":{"rendered":"<p>Dentist in Budapest<br \/>\nXII Ker.\u00a0Varosmajor utca 5<br \/>\n+36 30\u00a0202 29 74<br \/>\nHorvat Valeria<\/p>\n<p><iframe loading=\"lazy\" height=\"350\" scrolling=\"no\" width=\"425\" frameBorder=\"0\" src=\"http:\/\/maps.google.com\/maps\/ms?f=q&amp;hl=ru&amp;geocode=&amp;ie=UTF8&amp;msa=0&amp;msid=110256494924057389993.0004596fb13a40263a85d&amp;ll=47.502001,19.022637&amp;spn=0.012935,0.026468&amp;output=embed&amp;s=AARTsJo3ly7Nd2tv2OSrjYwpFdXSgGp7Aw\" marginHeight=\"0\" marginWidth=\"0\"><\/iframe><br \/>\n<small><a href=\"http:\/\/maps.google.com\/maps\/ms?f=q&amp;hl=ru&amp;geocode=&amp;ie=UTF8&amp;msa=0&amp;msid=110256494924057389993.0004596fb13a40263a85d&amp;ll=47.502001,19.022637&amp;spn=0.012935,0.026468&amp;source=embed\" style=\"color: #0000ff; text-align: left\">\u041f\u0440\u043e\u0441\u043c\u043e\u0442\u0440\u0435\u0442\u044c \u0443\u0432\u0435\u043b\u0438\u0447\u0435\u043d\u043d\u0443\u044e \u043a\u0430\u0440\u0442\u0443<\/a><\/small><\/p>\n<hr \/>\n<p>M\u00e1rta.<br \/>\n06302727207<br \/>\nBudapest,XI. ker. 1118.Budapest, Gazdagreti ter 5.sz. felnott haziorvosi rendelo 1. Szoba<iframe loading=\"lazy\" height=\"350\" scrolling=\"no\" width=\"425\" frameBorder=\"0\" src=\"http:\/\/maps.google.com\/maps\/ms?ie=UTF8&amp;hl=ru&amp;msa=0&amp;msid=110256494924057389993.0004596fb13a40263a85d&amp;ll=47.469294,18.996003&amp;spn=0.012935,0.026468&amp;output=embed&amp;s=AARTsJoU_t1CENDwYlEaGuHoW4UTb5xJCw\" marginHeight=\"0\" marginWidth=\"0\"><\/iframe><br \/>\n<small><a href=\"http:\/\/maps.google.com\/maps\/ms?ie=UTF8&amp;hl=ru&amp;msa=0&amp;msid=110256494924057389993.0004596fb13a40263a85d&amp;ll=47.469294,18.996003&amp;spn=0.012935,0.026468&amp;source=embed\" style=\"color: #0000ff; text-align: left\">\u041f\u0440\u043e\u0441\u043c\u043e\u0442\u0440\u0435\u0442\u044c \u0443\u0432\u0435\u043b\u0438\u0447\u0435\u043d\u043d\u0443\u044e \u043a\u0430\u0440\u0442\u0443<\/a><\/small><\/p>\n<p>\u041f\u0440\u043e\u0435\u0437\u0434:<\/p>\n<p style=\"background: #223377; margin: 0cm 0cm 0pt\" class=\"MsoNormal\"><strong><em><span style=\"font-size: 9pt; font-family: 'Arial','sans-serif'\" lang=\"HU\"><span style=\"color: windowtext; font-family: 'Calibri','sans-serif'\">Budapest V. K\u00e1lvin t\u00e9r M<\/span><\/span><\/em><\/strong><\/p>\n<p><strong><em><span style=\"font-size: 9pt; font-family: 'Arial','sans-serif'\" lang=\"HU\"><a href=\"javascript:ZoomMapRect(0,%20646021.995560274,236609.834195516,0,0,0,0,'Budapest%20XI.%20Gazdagr\u00e9ti%20t\u00e9r%201')\"><span style=\"color: windowtext; font-family: 'Calibri','sans-serif'\">Budapest XI. Gazdagr\u00e9ti t\u00e9r 1<\/span><\/a><\/span><\/em><\/strong><\/p>\n<table border=\"1\" width=\"100%\" cellPadding=\"0\" cellSpacing=\"0\" style=\"width: 100%; border: windowtext 1pt solid\" class=\"MsoNormalTable\">\n<tr>\n<td rowSpan=\"3\" noWrap=\"true\" vAlign=\"top\" style=\"background-color: transparent; border: #1a7676 1pt inset; padding: 2.85pt\">\n<p align=\"center\" style=\"margin: 0cm 0cm 3.75pt; text-align: center\" class=\"MsoNormal\"><span style=\"font-size: 9pt; font-family: 'Arial','sans-serif'\">Felsz\u00e1ll<\/span><span style=\"font-size: 9pt; font-family: 'Arial','sans-serif'\"><\/span><\/p>\n<\/td>\n<td colSpan=\"2\" width=\"100%\" style=\"padding-right: 0cm; padding-left: 14.2pt; padding-bottom: 2.85pt; width: 100%; padding-top: 2.85pt; background-color: transparent; border: #1a7676 1pt inset\"><strong><span style=\"font-size: 10pt; font-family: 'Arial','sans-serif'\"><a href=\"javascript:ShowTrafficMap(0,0,false)\"><span style=\"color: windowtext; font-family: 'Calibri','sans-serif'\">K\u00e1lvin t\u00e9r M<\/span><\/a><\/span><\/strong><strong><span style=\"font-size: 10pt; font-family: 'Arial','sans-serif'\"><\/span><\/strong><\/td>\n<\/tr>\n<tr>\n<td noWrap=\"true\" style=\"background-color: transparent; border: #1a7676 1pt inset; padding: 2.85pt\"><span style=\"font-size: 8.5pt; font-family: 'Verdana','sans-serif'\"><a target=\"_blank\" href=\"http:\/\/www.bkv.hu\/busz\/8.html\"><span class=\"bkvbusz1\"><span style=\"font-family: 'Verdana','sans-serif'; text-decoration: none; text-underline: none\"><strong><font color=\"#ffffff\" style=\"background-color: #20389f\">8<\/font><\/strong><\/span><\/span><span style=\"color: windowtext; font-family: 'Calibri','sans-serif'\"> busz<\/span><\/a><\/span><span style=\"font-size: 8.5pt; font-family: 'Verdana','sans-serif'\"><\/span><\/td>\n<td noWrap=\"true\" style=\"background-color: transparent; border: #1a7676 1pt inset; padding: 2.85pt\"><span style=\"font-size: 9pt; font-family: 'Arial','sans-serif'\"><a href=\"javascript:ShowTrafficMap(0,1,false)\"><span style=\"color: windowtext; font-family: 'Calibri','sans-serif'\">18 meg\u00e1ll\u00f3<\/span><\/a><\/span><span style=\"font-size: 9pt; font-family: 'Arial','sans-serif'\"><\/span><\/td>\n<\/tr>\n<tr>\n<td noWrap=\"true\" style=\"background-color: transparent; border: #1a7676 1pt inset; padding: 2.85pt\"><span style=\"font-size: 9pt; font-family: 'Arial','sans-serif'\">3 perc v\u00e1rakoz\u00e1s<\/span><span style=\"font-size: 9pt; font-family: 'Arial','sans-serif'\"><\/span><\/td>\n<td noWrap=\"true\" style=\"background-color: transparent; border: #1a7676 1pt inset; padding: 2.85pt\"><span style=\"font-size: 9pt; font-family: 'Arial','sans-serif'\">22 perc utaz\u00e1s<\/span><span style=\"font-size: 9pt; font-family: 'Arial','sans-serif'\"><\/span><\/td>\n<\/tr>\n<tr>\n<td noWrap=\"true\" vAlign=\"top\" style=\"background-color: transparent; border: #1a7676 1pt inset; padding: 2.85pt\"><span style=\"font-size: 9pt; font-family: 'Arial','sans-serif'\">Lesz\u00e1ll<\/span><span style=\"font-size: 9pt; font-family: 'Arial','sans-serif'\"><\/span><\/td>\n<td colSpan=\"2\" width=\"100%\" style=\"padding-right: 0cm; padding-left: 14.2pt; padding-bottom: 2.85pt; width: 100%; padding-top: 2.85pt; background-color: transparent; border: #1a7676 1pt inset\"><strong><span style=\"font-size: 10pt; font-family: 'Arial','sans-serif'\"><a href=\"javascript:ShowTrafficMap(0,-1,false)\"><span style=\"color: windowtext; font-family: 'Calibri','sans-serif'\">Gazdagr\u00e9ti t\u00e9r v\u00e1.<\/span><\/a><\/span><\/strong><strong><span style=\"font-size: 10pt; font-family: 'Arial','sans-serif'\"><\/span><\/strong><\/td>\n<\/tr>\n<\/table>\n<p><span style=\"font-size: 9pt; font-family: 'Arial','sans-serif'\" lang=\"HU\">\u00d6sszesen: 8.377 km<\/span><span style=\"font-size: 9pt; font-family: 'Arial','sans-serif'\" lang=\"HU\"><\/span><span style=\"font-size: 9pt; font-family: 'Arial','sans-serif'\" lang=\"HU\">Indul\u00e1si id\u0151: 2008\/09\/24 15:16<\/span><span style=\"font-size: 9pt; font-family: 'Arial','sans-serif'\" lang=\"HU\">Utaz\u00e1si id\u0151: 32 perc<\/span> <\/p>\n<hr \/>\n","protected":false},"excerpt":{"rendered":"<p>Dentist in Budapest XII Ker.\u00a0Varosmajor utca 5 +36 30\u00a0202 29 74 Horvat Valeria \u041f\u0440\u043e\u0441\u043c\u043e\u0442\u0440\u0435\u0442\u044c \u0443\u0432\u0435\u043b\u0438\u0447\u0435\u043d\u043d\u0443\u044e \u043a\u0430\u0440\u0442\u0443 M\u00e1rta. 06302727207 Budapest,XI. ker. 1118.Budapest, Gazdagreti ter 5.sz. felnott haziorvosi rendelo 1. Szoba \u041f\u0440\u043e\u0441\u043c\u043e\u0442\u0440\u0435\u0442\u044c \u0443\u0432\u0435\u043b\u0438\u0447\u0435\u043d\u043d\u0443\u044e \u043a\u0430\u0440\u0442\u0443 \u041f\u0440\u043e\u0435\u0437\u0434: Budapest V. K\u00e1lvin t\u00e9r M Budapest XI. Gazdagr\u00e9ti t\u00e9r 1 Felsz\u00e1ll K\u00e1lvin t\u00e9r M 8 busz 18 meg\u00e1ll\u00f3 3 perc v\u00e1rakoz\u00e1s 22 [&hellip;]<\/p>\n","protected":false},"author":1,"featured_media":0,"parent":647,"menu_order":0,"comment_status":"open","ping_status":"open","template":"","meta":{"footnotes":""},"class_list":["post-650","page","type-page","status-publish","hentry"],"_links":{"self":[{"href":"https:\/\/www.shark-raph.com\/index.php?rest_route=\/wp\/v2\/pages\/650","targetHints":{"allow":["GET"]}}],"collection":[{"href":"https:\/\/www.shark-raph.com\/index.php?rest_route=\/wp\/v2\/pages"}],"about":[{"href":"https:\/\/www.shark-raph.com\/index.php?rest_route=\/wp\/v2\/types\/page"}],"author":[{"embeddable":true,"href":"https:\/\/www.shark-raph.com\/index.php?rest_route=\/wp\/v2\/users\/1"}],"replies":[{"embeddable":true,"href":"https:\/\/www.shark-raph.com\/index.php?rest_route=%2Fwp%2Fv2%2Fcomments&post=650"}],"version-history":[{"count":0,"href":"https:\/\/www.shark-raph.com\/index.php?rest_route=\/wp\/v2\/pages\/650\/revisions"}],"up":[{"embeddable":true,"href":"https:\/\/www.shark-raph.com\/index.php?rest_route=\/wp\/v2\/pages\/647"}],"wp:attachment":[{"href":"https:\/\/www.shark-raph.com\/index.php?rest_route=%2Fwp%2Fv2%2Fmedia&parent=650"}],"curies":[{"name":"wp","href":"https:\/\/api.w.org\/{rel}","templated":true}]}}