{"id":651,"date":"2008-10-17T12:01:44","date_gmt":"2008-10-17T11:01:44","guid":{"rendered":"http:\/\/www.shark-raph.com\/?page_id=651"},"modified":"2008-10-17T12:12:09","modified_gmt":"2008-10-17T11:12:09","slug":"restoranyi","status":"publish","type":"page","link":"https:\/\/www.shark-raph.com\/?page_id=651","title":{"rendered":"\u0420\u0435\u0441\u0442\u043e\u0440\u0430\u043d\u044b"},"content":{"rendered":"<p><strong>\u0421\u043f\u0438\u0441\u043e\u043a \u0440\u0435\u0441\u0442\u043e\u0440\u0430\u043d\u043e\u0432 \u0432 \u043a\u043e\u0442\u043e\u0440\u044b\u0445 \u043c\u043d\u0435 \u043f\u043e\u043d\u0440\u0430\u0432\u0438\u043b\u043e\u0441\u044c.<\/strong><\/p>\n<hr \/>\n<p>\n<strong>\u041a\u0438\u0442\u0430\u0439\u0441\u043a\u0438\u0439 \u0440\u0435\u0441\u0442\u043e\u0440\u0430\u043d. \u0414\u0435\u0432\u044f\u0442\u044c \u0414\u0440\u0430\u043a\u043e\u043d\u043e\u0432.<\/strong><br \/>\n\u041e\u0447\u0435\u043d\u044c \u043d\u0435 \u043f\u043b\u043e\u0445\u043e\u0439.<br \/>\n\u0414\u0435\u0448\u0435\u0432\u044b\u0435 \u0446\u0435\u043d\u044b \u0438 \u0445\u043e\u0440\u043e\u0448\u0430\u044f \u043a\u0443\u0445\u043d\u044f.<br \/>\n\u041f\u0435\u0440\u0435\u0441\u0435\u0447\u0435\u043d\u0438\u0435:<br \/>\nD\u00f3zsa Gy\u00f6rgy \u00fat &amp; Istvan utca<\/p>\n<p><strong>\u0420\u0435\u0441\u0442\u043e\u0440\u0430\u043d Paprika. <\/strong><br \/>\n\u0425\u043e\u0440\u043e\u0448\u0430\u044f \u0432\u0435\u043d\u0433\u0435\u0440\u0441\u043a\u0430\u044f \u043a\u0443\u0445\u043d\u044f. \u0411\u043e\u043b\u044c\u0448\u0438\u0435 \u043f\u043e\u0440\u0446\u0438\u0438. \u0426\u0435\u043d\u044b \u0432 \u0440\u0430\u0439\u043e\u043d\u0435 2000 Huf.<br \/>\n\u0423\u0433\u043e\u043b Peterdi utca &amp; D\u00f3zsa Gy\u00f6rgy \u00fat<\/p>\n<p><strong>\u041f\u0438\u0446\u0446\u0435\u0440\u0438\u044f MixR.<\/strong><br \/>\nBudapest, VII ker\u00fclet, D\u00f3zsa Gy\u00f6rgy \u00fat 9. Telephone number: (1) 343 23 03 Web: www.mixr.hu<br \/>\n\u0428\u0438\u043a\u0430\u0440\u043d\u0430\u044f \u043f\u0438\u0446\u0446\u0430, \u043a\u043e\u0433\u0434\u0430 \u0442\u044b \u0441\u0430\u043c \u0432\u044b\u0431\u0438\u0440\u0430\u0435\u0448\u044c \u0438\u043d\u0433\u0440\u0438\u0434\u0438\u0435\u043d\u0442\u044b \u0438 \u0432\u043a\u0443\u0441\u043d\u0435\u0439\u0448\u0438\u0439 \u043b\u0443\u043a\u043e\u0432\u044b\u0439 \u0441\u0443\u043f \u0432 \u0431\u0443\u043b\u043a\u0435.<br \/>\n\u041d\u043e\u0440\u043c\u0430\u043b\u044c\u043d\u044b\u0435 \u0446\u0435\u043d\u044b.\u041e\u043d\u0438 \u043d\u0430\u0445\u043e\u0434\u044f\u0442\u0441\u044f \u0440\u044f\u0434\u043e\u043c \u0438 \u0432\u0438\u0434\u043d\u044b \u043d\u0430 \u043e\u0434\u043d\u043e\u0439 \u043a\u0430\u0440\u0442\u0435:<\/p>\n<p><iframe loading=\"lazy\" height=\"350\" scrolling=\"no\" width=\"425\" frameBorder=\"0\" src=\"http:\/\/maps.google.com\/maps\/ms?ie=UTF8&amp;hl=ru&amp;msa=0&amp;msid=110256494924057389993.0004596fb13a40263a85d&amp;ll=47.506741,19.085783&amp;spn=0.012935,0.026468&amp;output=embed&amp;s=AARTsJoU_t1CENDwYlEaGuHoW4UTb5xJCw\" marginHeight=\"0\" marginWidth=\"0\"><\/iframe><br \/>\n<small><a href=\"http:\/\/maps.google.com\/maps\/ms?ie=UTF8&amp;hl=ru&amp;msa=0&amp;msid=110256494924057389993.0004596fb13a40263a85d&amp;ll=47.506741,19.085783&amp;spn=0.012935,0.026468&amp;source=embed\" style=\"color: #0000ff; text-align: left\">\u041f\u0440\u043e\u0441\u043c\u043e\u0442\u0440\u0435\u0442\u044c \u0443\u0432\u0435\u043b\u0438\u0447\u0435\u043d\u043d\u0443\u044e \u043a\u0430\u0440\u0442\u0443<\/a><\/small><br \/>\n<\/p>\n<hr \/>\n<p>\n<strong>\u0420\u0435\u0441\u0442\u043e\u0440\u0430\u043d <a target=\"_blank\" href=\"http:\/\/www.tripadvisor.com\/Restaurant_Review-g274887-d812329-Reviews-Oliva-Budapest.html\">Oliva.<\/a><\/strong><br \/>\n\u041f\u0440\u0438\u044f\u0442\u043d\u044b\u0439 \u0438\u0442\u0430\u043b\u044c\u044f\u043d\u0441\u043a\u0438\u0439 \u0440\u0435\u0441\u0442\u043e\u0440\u0430\u043d\u0447\u0438\u043a \u0441 \u0440\u0430\u0437\u0443\u043c\u043d\u044b\u043c\u0438 \u0446\u0435\u043d\u0430\u043c\u0438.<br \/>\nAddress: Lazar Street, Budapest, Hungary<br \/>\nPhone: 312 0080<\/p>\n<p><iframe loading=\"lazy\" height=\"350\" scrolling=\"no\" width=\"425\" frameBorder=\"0\" src=\"http:\/\/maps.google.com\/maps\/ms?ie=UTF8&amp;hl=ru&amp;msa=0&amp;msid=110256494924057389993.0004596fb13a40263a85d&amp;ll=47.50208,19.055892&amp;spn=0.012935,0.026468&amp;output=embed&amp;s=AARTsJoU_t1CENDwYlEaGuHoW4UTb5xJCw\" marginHeight=\"0\" marginWidth=\"0\"><\/iframe><br \/>\n<small><a href=\"http:\/\/maps.google.com\/maps\/ms?ie=UTF8&amp;hl=ru&amp;msa=0&amp;msid=110256494924057389993.0004596fb13a40263a85d&amp;ll=47.50208,19.055892&amp;spn=0.012935,0.026468&amp;source=embed\" style=\"color: #0000ff; text-align: left\">\u041f\u0440\u043e\u0441\u043c\u043e\u0442\u0440\u0435\u0442\u044c \u0443\u0432\u0435\u043b\u0438\u0447\u0435\u043d\u043d\u0443\u044e \u043a\u0430\u0440\u0442\u0443<\/a><\/small> <\/p>\n<hr \/>\n<p>\n<strong>\u0420\u0435\u0441\u0442\u043e\u0440\u0430\u043d Kis Borosty\u00e1n<\/strong><br \/>\n\u0420\u0430\u0437\u043d\u043e\u043e\u0431\u0440\u0430\u0437\u043d\u0430\u044f \u043a\u0443\u0445\u043d\u044f \u0438 \u0441\u0430\u043c\u0430\u044f \u0432\u043a\u0443\u0441\u043d\u0430\u044f \u0440\u044b\u0431\u0430 \u0447\u0442\u043e \u044f \u0435\u043b \u0432 \u0411\u0443\u0434\u0430\u043f\u0435\u0448\u0442\u0435.<br \/>\nBudapest, XI.ker\u00fclet,<br \/>\nL\u00e1gym\u00e1nyosi utca 13.<br \/>\nTelefon: 06 1 209 44 06<br \/>\n\u0426\u0435\u043d\u044b \u043e\u043a\u043e\u043b\u043e 2000 Huf\/pers<\/p>\n<p><iframe loading=\"lazy\" height=\"350\" scrolling=\"no\" width=\"425\" frameBorder=\"0\" src=\"http:\/\/maps.google.com\/maps\/ms?ie=UTF8&amp;hl=ru&amp;msa=0&amp;msid=110256494924057389993.0004596fb13a40263a85d&amp;s=AARTsJoU_t1CENDwYlEaGuHoW4UTb5xJCw&amp;ll=47.477826,19.052074&amp;spn=0.005076,0.00912&amp;z=16&amp;output=embed\" marginHeight=\"0\" marginWidth=\"0\"><\/iframe><br \/>\n<small><a href=\"http:\/\/maps.google.com\/maps\/ms?ie=UTF8&amp;hl=ru&amp;msa=0&amp;msid=110256494924057389993.0004596fb13a40263a85d&amp;ll=47.477826,19.052074&amp;spn=0.005076,0.00912&amp;z=16&amp;source=embed\" style=\"color: #0000ff; text-align: left\">\u041f\u0440\u043e\u0441\u043c\u043e\u0442\u0440\u0435\u0442\u044c \u0443\u0432\u0435\u043b\u0438\u0447\u0435\u043d\u043d\u0443\u044e \u043a\u0430\u0440\u0442\u0443<\/a><\/small><\/p>\n<hr \/>\n<p>To be continued&#8230;<\/p>\n","protected":false},"excerpt":{"rendered":"<p>\u0421\u043f\u0438\u0441\u043e\u043a \u0440\u0435\u0441\u0442\u043e\u0440\u0430\u043d\u043e\u0432 \u0432 \u043a\u043e\u0442\u043e\u0440\u044b\u0445 \u043c\u043d\u0435 \u043f\u043e\u043d\u0440\u0430\u0432\u0438\u043b\u043e\u0441\u044c. \u041a\u0438\u0442\u0430\u0439\u0441\u043a\u0438\u0439 \u0440\u0435\u0441\u0442\u043e\u0440\u0430\u043d. \u0414\u0435\u0432\u044f\u0442\u044c \u0414\u0440\u0430\u043a\u043e\u043d\u043e\u0432. \u041e\u0447\u0435\u043d\u044c \u043d\u0435 \u043f\u043b\u043e\u0445\u043e\u0439. \u0414\u0435\u0448\u0435\u0432\u044b\u0435 \u0446\u0435\u043d\u044b \u0438 \u0445\u043e\u0440\u043e\u0448\u0430\u044f \u043a\u0443\u0445\u043d\u044f. \u041f\u0435\u0440\u0435\u0441\u0435\u0447\u0435\u043d\u0438\u0435: D\u00f3zsa Gy\u00f6rgy \u00fat &amp; Istvan utca \u0420\u0435\u0441\u0442\u043e\u0440\u0430\u043d Paprika. \u0425\u043e\u0440\u043e\u0448\u0430\u044f \u0432\u0435\u043d\u0433\u0435\u0440\u0441\u043a\u0430\u044f \u043a\u0443\u0445\u043d\u044f. \u0411\u043e\u043b\u044c\u0448\u0438\u0435 \u043f\u043e\u0440\u0446\u0438\u0438. \u0426\u0435\u043d\u044b \u0432 \u0440\u0430\u0439\u043e\u043d\u0435 2000 Huf. \u0423\u0433\u043e\u043b Peterdi utca &amp; D\u00f3zsa Gy\u00f6rgy \u00fat \u041f\u0438\u0446\u0446\u0435\u0440\u0438\u044f MixR. Budapest, VII ker\u00fclet, D\u00f3zsa Gy\u00f6rgy \u00fat 9. Telephone number: [&hellip;]<\/p>\n","protected":false},"author":1,"featured_media":0,"parent":647,"menu_order":0,"comment_status":"open","ping_status":"open","template":"","meta":{"footnotes":""},"class_list":["post-651","page","type-page","status-publish","hentry"],"_links":{"self":[{"href":"https:\/\/www.shark-raph.com\/index.php?rest_route=\/wp\/v2\/pages\/651","targetHints":{"allow":["GET"]}}],"collection":[{"href":"https:\/\/www.shark-raph.com\/index.php?rest_route=\/wp\/v2\/pages"}],"about":[{"href":"https:\/\/www.shark-raph.com\/index.php?rest_route=\/wp\/v2\/types\/page"}],"author":[{"embeddable":true,"href":"https:\/\/www.shark-raph.com\/index.php?rest_route=\/wp\/v2\/users\/1"}],"replies":[{"embeddable":true,"href":"https:\/\/www.shark-raph.com\/index.php?rest_route=%2Fwp%2Fv2%2Fcomments&post=651"}],"version-history":[{"count":0,"href":"https:\/\/www.shark-raph.com\/index.php?rest_route=\/wp\/v2\/pages\/651\/revisions"}],"up":[{"embeddable":true,"href":"https:\/\/www.shark-raph.com\/index.php?rest_route=\/wp\/v2\/pages\/647"}],"wp:attachment":[{"href":"https:\/\/www.shark-raph.com\/index.php?rest_route=%2Fwp%2Fv2%2Fmedia&parent=651"}],"curies":[{"name":"wp","href":"https:\/\/api.w.org\/{rel}","templated":true}]}}